{"id":64,"date":"2017-02-06T17:28:41","date_gmt":"2017-02-06T16:28:41","guid":{"rendered":"http:\/\/restaurant-populaire.ch\/b\/?page_id=64"},"modified":"2022-01-17T16:41:36","modified_gmt":"2022-01-17T15:41:36","slug":"mets","status":"publish","type":"page","link":"https:\/\/restaurant-populaire.ch\/b\/mets\/","title":{"rendered":"Mets"},"content":{"rendered":"<p>\t\t\n\t\t<div id=\"dishes-menu\">\n\t\t\t\t\t\t\t\t\t\t\t<div class=\"section-title has-bg\" style='background-image: url(https:\/\/restaurant-populaire.ch\/b\/wp-content\/uploads\/2017\/09\/DSC0361-e1521569443369.jpeg)'>\n\t\t\t\t\t<div class=\"center\">\n\t\t\t\t\t\t<div class=\"table-cell\">\n\t\t\t\t\t\t\t<div class=\"info\">\n\t\t\t\t\t\t\t\t<h3 class=\"pr-font\">\n\t\t\t\t\t\t\t\t\tEntr\u00e9es\t\t\t\t\t\t\t\t<\/h3>\n\t\t\t\t\t\t\t\t<div class=\"description\">\n\t\t\t\t\t\t\t\t\t\t\t\t\t\t\t\t\t<\/div>\n\t\t\t\t\t\t\t<\/div>\n\t\t\t\t\t\t<\/div>\n\t\t\t\t\t<\/div>\t\n\t\t\t\t<\/div>\n\t\t\t\t\t\t\t\t<div class=\"center\">\n\t\t\t\t\t\t\t\t\t\t\t<ul class=\"dishes-menu margin-large large-imgs drop-style cols-2\">\n\t\t\t\t\t\t\t\t\t\t\t\t\t\t\t<li class=\"menu-item post-67 dishes_menu type-dishes_menu status-publish hentry dishes_categories-entrees\">\n\t\t<div class=\"description\">\n\t\t<span class=\"pr-font dm-price\"><span class=\"currency\">CHF<\/span> 10.-<\/span>\t\t\t\t\n\t\t<h2><span class=\"title\">Potage ou cr\u00e8me du jour<\/span><\/h2>\n\t\t<div class=\"dots\">\n\t\t\t\t\t\t\t\t\t\t\n\t\t\t\t\t<\/div>\n\t\t\t<\/div>\n<\/li>\t\t\t\t\t\t\t\t\t\t\t\t\t\t\t<li class=\"menu-item post-68 dishes_menu type-dishes_menu status-publish hentry dishes_categories-entrees\">\n\t\t<div class=\"description\">\n\t\t<span class=\"pr-font dm-price\"><span class=\"currency\">CHF<\/span> 18.-<\/span>\t\t\t\t\n\t\t<h2><span class=\"title\">Viande s\u00e9ch\u00e9e<\/span><\/h2>\n\t\t<div class=\"dots\">\n\t\t\t\t\t\t\t\t\t\t\n\t\t\t\t\t<\/div>\n\t\t\t<\/div>\n<\/li>\t\t\t\t\t\t\t\t\t\t\t\t\t\t\t<li class=\"menu-item post-96 dishes_menu type-dishes_menu status-publish hentry dishes_categories-entrees\">\n\t\t<div class=\"description\">\n\t\t<span class=\"pr-font dm-price\"><span class=\"currency\">CHF<\/span> 18.-<\/span>\t\t\t\t\n\t\t<h2><span class=\"title\">Feuillet\u00e9 aux champignons<\/span><\/h2>\n\t\t<div class=\"dots\">\n\t\t\t\t\t\t\t\t\t\t\n\t\t\t\t\t<\/div>\n\t\t\t<\/div>\n<\/li>\t\t\t\t\t\t\t\t\t\t\t\t\t<\/ul>\n\t\t\t\t\t\t\t\t\t<\/div>\n\t\t\t\t\n\t\t\t\t\t<\/div>\n\t\t\t\n\t\t<div id=\"dishes-menu\">\n\t\t\t\t\t\t\t\t\t\t\t<div class=\"section-title has-bg\" style='background-image: url(https:\/\/restaurant-populaire.ch\/b\/wp-content\/uploads\/2017\/07\/DSC0363.jpeg)'>\n\t\t\t\t\t<div class=\"center\">\n\t\t\t\t\t\t<div class=\"table-cell\">\n\t\t\t\t\t\t\t<div class=\"info\">\n\t\t\t\t\t\t\t\t<h3 class=\"pr-font\">\n\t\t\t\t\t\t\t\t\tSalades\t\t\t\t\t\t\t\t<\/h3>\n\t\t\t\t\t\t\t\t<div class=\"description\">\n\t\t\t\t\t\t\t\t\t\t\t\t\t\t\t\t\t<\/div>\n\t\t\t\t\t\t\t<\/div>\n\t\t\t\t\t\t<\/div>\n\t\t\t\t\t<\/div>\t\n\t\t\t\t<\/div>\n\t\t\t\t\t\t\t\t<div class=\"center\">\n\t\t\t\t\t\t\t\t\t\t\t<ul class=\"dishes-menu margin-large large-imgs drop-style cols-2\">\n\t\t\t\t\t\t\t\t\t\t\t\t\t\t\t<li class=\"menu-item post-69 dishes_menu type-dishes_menu status-publish hentry dishes_categories-salades\">\n\t\t<div class=\"description\">\n\t\t<span class=\"pr-font dm-price\"><span class=\"currency\">CHF<\/span> 8.-<\/span>\t\t\t\t\n\t\t<h2><span class=\"title\">Salade m\u00eal\u00e9e<\/span><\/h2>\n\t\t<div class=\"dots\">\n\t\t\t\t\t\t\t\t\t\t\n\t\t\t\t\t<\/div>\n\t\t\t<\/div>\n<\/li>\t\t\t\t\t\t\t\t\t\t\t\t\t\t\t<li class=\"menu-item post-94 dishes_menu type-dishes_menu status-publish hentry dishes_categories-salades\">\n\t\t<div class=\"description\">\n\t\t<span class=\"pr-font dm-price\"><span class=\"currency\">CHF<\/span> 15.-<\/span>\t\t\t\t\n\t\t<h2><span class=\"title\">Grande salade m\u00eal\u00e9e en portion<\/span><\/h2>\n\t\t<div class=\"dots\">\n\t\t\t\t\t\t\t\t\t\t\n\t\t\t\t\t<\/div>\n\t\t\t<\/div>\n<\/li>\t\t\t\t\t\t\t\t\t\t\t\t\t<\/ul>\n\t\t\t\t\t\t\t\t\t<\/div>\n\t\t\t\t\n\t\t\t\t\t<\/div>\n\t\t\t\n\t\t<div id=\"dishes-menu\">\n\t\t\t\t\t\t\t\t\t\t\t<div class=\"section-title has-bg\" style='background-image: url(https:\/\/restaurant-populaire.ch\/b\/wp-content\/uploads\/2017\/09\/DSC0365.jpeg)'>\n\t\t\t\t\t<div class=\"center\">\n\t\t\t\t\t\t<div class=\"table-cell\">\n\t\t\t\t\t\t\t<div class=\"info\">\n\t\t\t\t\t\t\t\t<h3 class=\"pr-font\">\n\t\t\t\t\t\t\t\t\tNos viandes et grillades\t\t\t\t\t\t\t\t<\/h3>\n\t\t\t\t\t\t\t\t<div class=\"description\">\n\t\t\t\t\t\t\t\t\t<p>Ces mets vous sont servis avec une salade m\u00eal\u00e9e en premier et pour garnir votre assiette des pommes frites maison,<br \/>\ndes r\u00f6stis, des p\u00e2tes ou du riz, ainsi qu\u2019une jardini\u00e8re de l\u00e9gumes au beurre <\/p>\n\t\t\t\t\t\t\t\t<\/div>\n\t\t\t\t\t\t\t<\/div>\n\t\t\t\t\t\t<\/div>\n\t\t\t\t\t<\/div>\t\n\t\t\t\t<\/div>\n\t\t\t\t\t\t\t\t<div class=\"center\">\n\t\t\t\t\t\t\t\t\t\t\t<ul class=\"dishes-menu margin-large medium-imgs circle-style cols-2\">\n\t\t\t\t\t\t\t\t\t\t\t\t\t\t\t<li class=\"menu-item post-102 dishes_menu type-dishes_menu status-publish hentry dishes_categories-nos-viandes-et-grillades\">\n\t\t<div class=\"description\">\n\t\t<span class=\"pr-font dm-price\"><span class=\"currency\">CHF<\/span> 38<\/span>\t\t\t\t\n\t\t<h2><span class=\"title\">Tartare de boeuf (avril \u00e0 septembre)<\/span><\/h2>\n\t\t<div class=\"dots\">\n\t\t\t\t\t\t\t\t\t\t\n\t\t\t<p>coup\u00e9 au couteau, servi avec toast 180 gr<\/p>\n\t\t<\/div>\n\t\t\t<\/div>\n<\/li>\t\t\t\t\t\t\t\t\t\t\t\t\t\t\t<li class=\"menu-item post-101 dishes_menu type-dishes_menu status-publish hentry dishes_categories-les-classiques dishes_categories-nos-viandes-et-grillades\">\n\t\t<div class=\"description\">\n\t\t<span class=\"pr-font dm-price\"><span class=\"currency\">CHF<\/span> 38.-<\/span>\t\t\t\t\n\t\t<h2><span class=\"title\">Entrec\u00f4te de boeuf<\/span><\/h2>\n\t\t<div class=\"dots\">\n\t\t\t\t\t<ul class=\"multiple-prices\">\n\t\t\t\t\t\t\t<li>\n\t\t\t\t\t<span class=\"label\">180gr<\/span>\n\t\t\t\t\t-\n\t\t\t\t\t<span class=\"price\"><span class=\"currency\">CHF<\/span> 38.-<\/span>\n\t\t\t\t<\/li>\n\t\t\t\t\t<\/ul>\n\t\t\t\t\t\t\t\t\t\n\t\t\t\t\t<\/div>\n\t\t\t<\/div>\n<\/li>\t\t\t\t\t\t\t\t\t\t\t\t\t\t\t<li class=\"menu-item post-100 dishes_menu type-dishes_menu status-publish hentry dishes_categories-les-classiques dishes_categories-nos-viandes-et-grillades\">\n\t\t<div class=\"description\">\n\t\t<span class=\"pr-font dm-price\"><span class=\"currency\">CHF<\/span> 46.-<\/span>\t\t\t\t\n\t\t<h2><span class=\"title\">M\u00e9daillons de filet de boeuf<\/span><\/h2>\n\t\t<div class=\"dots\">\n\t\t\t\t\t\t\t\t\t\t\n\t\t\t<p>180 gr &#8211; sur plat en 2 services<\/p>\n\t\t<\/div>\n\t\t\t<\/div>\n<\/li>\t\t\t\t\t\t\t\t\t\t\t\t\t\t\t<li class=\"menu-item post-99 dishes_menu type-dishes_menu status-publish hentry dishes_categories-les-classiques dishes_categories-nos-viandes-et-grillades\">\n\t\t<div class=\"description\">\n\t\t<span class=\"pr-font dm-price\"><span class=\"currency\">CHF<\/span> 46.-<\/span>\t\t\t\t\n\t\t<h2><span class=\"title\">Tournedos de boeuf<\/span><\/h2>\n\t\t<div class=\"dots\">\n\t\t\t\t\t\t\t\t\t\t\n\t\t\t<p>180 gr<\/p>\n\t\t<\/div>\n\t\t\t<\/div>\n<\/li>\t\t\t\t\t\t\t\t\t\t\t\t\t\t\t<li class=\"menu-item post-208 dishes_menu type-dishes_menu status-publish hentry dishes_categories-les-classiques dishes_categories-nos-viandes-et-grillades\">\n\t\t<div class=\"description\">\n\t\t<span class=\"pr-font dm-price\"><span class=\"currency\">CHF<\/span> 4.50\u2013<span class=\"currency\">CHF<\/span> 5.-<\/span>\t\t\t\t\n\t\t<h2><span class=\"title\">Sauces au choix<\/span><\/h2>\n\t\t<div class=\"dots\">\n\t\t\t\t\t<ul class=\"multiple-prices\">\n\t\t\t\t\t\t\t<li>\n\t\t\t\t\t<span class=\"label\">Poivre vert<\/span>\n\t\t\t\t\t-\n\t\t\t\t\t<span class=\"price\"><span class=\"currency\">CHF<\/span> 4.50<\/span>\n\t\t\t\t<\/li>\n\t\t\t\t\t\t\t<li>\n\t\t\t\t\t<span class=\"label\">Beurre maison<\/span>\n\t\t\t\t\t-\n\t\t\t\t\t<span class=\"price\"><span class=\"currency\">CHF<\/span> 4.50<\/span>\n\t\t\t\t<\/li>\n\t\t\t\t\t\t\t<li>\n\t\t\t\t\t<span class=\"label\">Champignons<\/span>\n\t\t\t\t\t-\n\t\t\t\t\t<span class=\"price\"><span class=\"currency\">CHF<\/span> 5.-<\/span>\n\t\t\t\t<\/li>\n\t\t\t\t\t<\/ul>\n\t\t\t\t\t\t\t\t\t\n\t\t\t\t\t<\/div>\n\t\t\t<\/div>\n<\/li>\t\t\t\t\t\t\t\t\t\t\t\t\t<\/ul>\n\t\t\t\t\t\t\t\t\t<\/div>\n\t\t\t\t\n\t\t\t\t\t<\/div>\n\t\t\t\n\t\t<div id=\"dishes-menu\">\n\t\t\t\t\t\t\t\t\t\t\t<div class=\"section-title \" >\n\t\t\t\t\t<div class=\"center\">\n\t\t\t\t\t\t<div class=\"table-cell\">\n\t\t\t\t\t\t\t<div class=\"info\">\n\t\t\t\t\t\t\t\t<h3 class=\"pr-font\">\n\t\t\t\t\t\t\t\t\tVeau\t\t\t\t\t\t\t\t<\/h3>\n\t\t\t\t\t\t\t\t<div class=\"description\">\n\t\t\t\t\t\t\t\t\t\t\t\t\t\t\t\t\t<\/div>\n\t\t\t\t\t\t\t<\/div>\n\t\t\t\t\t\t<\/div>\n\t\t\t\t\t<\/div>\t\n\t\t\t\t<\/div>\n\t\t\t\t\t\t\t\t<div class=\"center\">\n\t\t\t\t\t\t\t\t\t\t\t<ul class=\"dishes-menu margin-large large-imgs drop-style cols-2\">\n\t\t\t\t\t\t\t\t\t\t\t\t\t\t\t<li class=\"menu-item post-211 dishes_menu type-dishes_menu status-publish hentry dishes_categories-veau\">\n\t\t<div class=\"description\">\n\t\t<span class=\"pr-font dm-price\"><span class=\"currency\">CHF<\/span> 40.-<\/span>\t\t\t\t\n\t\t<h2><span class=\"title\">Escalope de veau aux champignons<\/span><\/h2>\n\t\t<div class=\"dots\">\n\t\t\t\t\t\t\t\t\t\t\n\t\t\t\t\t<\/div>\n\t\t\t<\/div>\n<\/li>\t\t\t\t\t\t\t\t\t\t\t\t\t\t\t<li class=\"menu-item post-210 dishes_menu type-dishes_menu status-publish hentry dishes_categories-veau\">\n\t\t<div class=\"description\">\n\t\t<span class=\"pr-font dm-price\"><span class=\"currency\">CHF<\/span> 39.-<\/span>\t\t\t\t\n\t\t<h2><span class=\"title\">Escalope de veau pan\u00e9e<\/span><\/h2>\n\t\t<div class=\"dots\">\n\t\t\t\t\t\t\t\t\t\t\n\t\t\t<p>180gr.<\/p>\n\t\t<\/div>\n\t\t\t<\/div>\n<\/li>\t\t\t\t\t\t\t\t\t\t\t\t\t\t\t<li class=\"menu-item post-209 dishes_menu type-dishes_menu status-publish hentry dishes_categories-veau\">\n\t\t<div class=\"description\">\n\t\t<span class=\"pr-font dm-price\"><span class=\"currency\">CHF<\/span> 38.-<\/span>\t\t\t\t\n\t\t<h2><span class=\"title\">Escalope de veau nature<\/span><\/h2>\n\t\t<div class=\"dots\">\n\t\t\t\t\t\t\t\t\t\t\n\t\t\t<p>180gr.<\/p>\n\t\t<\/div>\n\t\t\t<\/div>\n<\/li>\t\t\t\t\t\t\t\t\t\t\t\t\t<\/ul>\n\t\t\t\t\t\t\t\t\t<\/div>\n\t\t\t\t\n\t\t\t\t\t<\/div>\n\t\t\t\n\t\t<div id=\"dishes-menu\">\n\t\t\t\t\t\t\t\t\t\t\t<div class=\"section-title \" >\n\t\t\t\t\t<div class=\"center\">\n\t\t\t\t\t\t<div class=\"table-cell\">\n\t\t\t\t\t\t\t<div class=\"info\">\n\t\t\t\t\t\t\t\t<h3 class=\"pr-font\">\n\t\t\t\t\t\t\t\t\tSp\u00e9cialit\u00e9s de la maison\t\t\t\t\t\t\t\t<\/h3>\n\t\t\t\t\t\t\t\t<div class=\"description\">\n\t\t\t\t\t\t\t\t\t\t\t\t\t\t\t\t\t<\/div>\n\t\t\t\t\t\t\t<\/div>\n\t\t\t\t\t\t<\/div>\n\t\t\t\t\t<\/div>\t\n\t\t\t\t<\/div>\n\t\t\t\t\t\t\t\t<div class=\"center\">\n\t\t\t\t\t\t\t\t\t\t\t<ul class=\"dishes-menu margin-large large-imgs drop-style cols-2\">\n\t\t\t\t\t\t\t\t\t\t\t\t\t\t\t<li class=\"menu-item post-481 dishes_menu type-dishes_menu status-publish hentry dishes_categories-specialites-de-la-maison\">\n\t\t<div class=\"description\">\n\t\t<span class=\"pr-font dm-price\"><span class=\"currency\">CHF<\/span> 40<\/span>\t\t\t\t\n\t\t<h2><span class=\"title\">Souris d&rsquo;agneau confite en cuisson lente<\/span><\/h2>\n\t\t<div class=\"dots\">\n\t\t\t\t\t\t\t\t\t\t\n\t\t\t\t\t<\/div>\n\t\t\t<\/div>\n<\/li>\t\t\t\t\t\t\t\t\t\t\t\t\t\t\t<li class=\"menu-item post-250 dishes_menu type-dishes_menu status-publish hentry dishes_categories-les-classiques dishes_categories-specialites-de-la-maison\">\n\t\t<div class=\"description\">\n\t\t<span class=\"pr-font dm-price\"><span class=\"currency\">CHF<\/span> 32.-<\/span>\t\t\t\t\n\t\t<h2><span class=\"title\">Saucisse aux choux et le papet Vaudois<\/span><\/h2>\n\t\t<div class=\"dots\">\n\t\t\t\t\t\t\t\t\t\t\n\t\t\t\t\t<\/div>\n\t\t\t<\/div>\n<\/li>\t\t\t\t\t\t\t\t\t\t\t\t\t\t\t<li class=\"menu-item post-212 dishes_menu type-dishes_menu status-publish hentry dishes_categories-les-classiques dishes_categories-specialites-de-la-maison\">\n\t\t<div class=\"description\">\n\t\t<span class=\"pr-font dm-price\"><span class=\"currency\">CHF<\/span> 36.-\u2013<span class=\"currency\">CHF<\/span> 40.-<\/span>\t\t\t\t\n\t\t<h2><span class=\"title\">Filets mignons de porc aux champignons<\/span><\/h2>\n\t\t<div class=\"dots\">\n\t\t\t\t\t<ul class=\"multiple-prices\">\n\t\t\t\t\t\t\t<li>\n\t\t\t\t\t<span class=\"label\">1 service<\/span>\n\t\t\t\t\t-\n\t\t\t\t\t<span class=\"price\"><span class=\"currency\">CHF<\/span> 36.-<\/span>\n\t\t\t\t<\/li>\n\t\t\t\t\t\t\t<li>\n\t\t\t\t\t<span class=\"label\">2 services<\/span>\n\t\t\t\t\t-\n\t\t\t\t\t<span class=\"price\"><span class=\"currency\">CHF<\/span> 40.-<\/span>\n\t\t\t\t<\/li>\n\t\t\t\t\t<\/ul>\n\t\t\t\t\t\t\t\t\t\n\t\t\t\t\t<\/div>\n\t\t\t<\/div>\n<\/li>\t\t\t\t\t\t\t\t\t\t\t\t\t\t\t<li class=\"menu-item post-186 dishes_menu type-dishes_menu status-publish hentry dishes_categories-les-classiques dishes_categories-specialites-de-la-maison\">\n\t\t<div class=\"description\">\n\t\t<span class=\"pr-font dm-price\"><span class=\"currency\">CHF<\/span> 32.-<\/span>\t\t\t\t\n\t\t<h2><span class=\"title\">Saucisse \u00e0 r\u00f4tir de Vers-chez-les-Blanc et son jus<\/span><\/h2>\n\t\t<div class=\"dots\">\n\t\t\t\t\t\t\t\t\t\t\n\t\t\t\t\t<\/div>\n\t\t\t<\/div>\n<\/li>\t\t\t\t\t\t\t\t\t\t\t\t\t<\/ul>\n\t\t\t\t\t\t\t\t\t<\/div>\n\t\t\t\t\n\t\t\t\t\t<\/div>\n\t\t\t\n\t\t<div id=\"dishes-menu\">\n\t\t\t\t\t\t\t\t\t\t\t<div class=\"section-title has-bg\" style='background-image: url(https:\/\/restaurant-populaire.ch\/b\/wp-content\/uploads\/2017\/09\/DSC0361-e1521569443369.jpeg)'>\n\t\t\t\t\t<div class=\"center\">\n\t\t\t\t\t\t<div class=\"table-cell\">\n\t\t\t\t\t\t\t<div class=\"info\">\n\t\t\t\t\t\t\t\t<h3 class=\"pr-font\">\n\t\t\t\t\t\t\t\t\tPoisson\t\t\t\t\t\t\t\t<\/h3>\n\t\t\t\t\t\t\t\t<div class=\"description\">\n\t\t\t\t\t\t\t\t\t<p>Selon arrivage<\/p>\n\t\t\t\t\t\t\t\t<\/div>\n\t\t\t\t\t\t\t<\/div>\n\t\t\t\t\t\t<\/div>\n\t\t\t\t\t<\/div>\t\n\t\t\t\t<\/div>\n\t\t\t\t\t\t\t\t<div class=\"center\">\n\t\t\t\t\t\t\t\t\t\t\t<ul class=\"dishes-menu margin-large large-imgs drop-style cols-2\">\n\t\t\t\t\t\t\t\t\t\t\t\t\t\t\t<li class=\"menu-item post-498 dishes_menu type-dishes_menu status-publish hentry dishes_categories-poisson\">\n\t\t<div class=\"description\">\n\t\t<span class=\"pr-font dm-price\"><span class=\"currency\">CHF<\/span> Selon arrivage<\/span>\t\t\t\t\n\t\t<h2><span class=\"title\">Poisson du L\u00e9man<\/span><\/h2>\n\t\t<div class=\"dots\">\n\t\t\t\t\t\t\t\t\t\t\n\t\t\t\t\t<\/div>\n\t\t\t<\/div>\n<\/li>\t\t\t\t\t\t\t\t\t\t\t\t\t\t\t<li class=\"menu-item post-374 dishes_menu type-dishes_menu status-publish hentry dishes_categories-poisson\">\n\t\t<div class=\"description\">\n\t\t<span class=\"pr-font dm-price\"><span class=\"currency\">CHF<\/span> 38.-<\/span>\t\t\t\t\n\t\t<h2><span class=\"title\">Filet de F\u00e9ra du lac L\u00e9man et son beurre blanc au basilic<\/span><\/h2>\n\t\t<div class=\"dots\">\n\t\t\t\t\t\t\t\t\t\t\n\t\t\t\t\t<\/div>\n\t\t\t<\/div>\n<\/li>\t\t\t\t\t\t\t\t\t\t\t\t\t\t\t<li class=\"menu-item post-251 dishes_menu type-dishes_menu status-publish hentry dishes_categories-poisson\">\n\t\t<div class=\"description\">\n\t\t<span class=\"pr-font dm-price\"><span class=\"currency\">CHF<\/span> 46.-<\/span>\t\t\t\t\n\t\t<h2><span class=\"title\">Filets de perche meuni\u00e8re du lac L\u00e9man<\/span><\/h2>\n\t\t<div class=\"dots\">\n\t\t\t\t\t\t\t\t\t\t\n\t\t\t\t\t<\/div>\n\t\t\t<\/div>\n<\/li>\t\t\t\t\t\t\t\t\t\t\t\t\t<\/ul>\n\t\t\t\t\t\t\t\t\t<\/div>\n\t\t\t\t\n\t\t\t\t\t<\/div>\n\t\t\t\n\t\t<div id=\"dishes-menu\">\n\t\t\t\t\t\t\t\t\t\t\t<div class=\"section-title has-bg\" style='background-image: url(https:\/\/restaurant-populaire.ch\/b\/wp-content\/uploads\/2017\/09\/fotolia-57476326-l-021547.jpg)'>\n\t\t\t\t\t<div class=\"center\">\n\t\t\t\t\t\t<div class=\"table-cell\">\n\t\t\t\t\t\t\t<div class=\"info\">\n\t\t\t\t\t\t\t\t<h3 class=\"pr-font\">\n\t\t\t\t\t\t\t\t\tle coin des enfants\t\t\t\t\t\t\t\t<\/h3>\n\t\t\t\t\t\t\t\t<div class=\"description\">\n\t\t\t\t\t\t\t\t\t\t\t\t\t\t\t\t\t<\/div>\n\t\t\t\t\t\t\t<\/div>\n\t\t\t\t\t\t<\/div>\n\t\t\t\t\t<\/div>\t\n\t\t\t\t<\/div>\n\t\t\t\t\t\t\t\t<div class=\"center\">\n\t\t\t\t\t\t\t\t\t\t\t<ul class=\"dishes-menu margin-large large-imgs drop-style cols-2\">\n\t\t\t\t\t\t\t\t\t\t\t\t\t\t\t<li class=\"menu-item post-217 dishes_menu type-dishes_menu status-publish hentry dishes_categories-le-coin-des-enfants\">\n\t\t<div class=\"description\">\n\t\t<span class=\"pr-font dm-price\"><span class=\"currency\">CHF<\/span> 13.50<\/span>\t\t\t\t\n\t\t<h2><span class=\"title\">Filets de poulet pan\u00e9s<\/span><\/h2>\n\t\t<div class=\"dots\">\n\t\t\t\t\t\t\t\t\t\t\n\t\t\t<p>avec pommes frites maison<\/p>\n\t\t<\/div>\n\t\t\t<\/div>\n<\/li>\t\t\t\t\t\t\t\t\t\t\t\t\t\t\t<li class=\"menu-item post-216 dishes_menu type-dishes_menu status-publish hentry dishes_categories-le-coin-des-enfants\">\n\t\t<div class=\"description\">\n\t\t<span class=\"pr-font dm-price\"><span class=\"currency\">CHF<\/span> 10.-<\/span>\t\t\t\t\n\t\t<h2><span class=\"title\">Tranches de jambon<\/span><\/h2>\n\t\t<div class=\"dots\">\n\t\t\t\t\t\t\t\t\t\t\n\t\t\t<p>avec pommes frites maison<\/p>\n\t\t<\/div>\n\t\t\t<\/div>\n<\/li>\t\t\t\t\t\t\t\t\t\t\t\t\t\t\t<li class=\"menu-item post-215 dishes_menu type-dishes_menu status-publish hentry dishes_categories-le-coin-des-enfants\">\n\t\t<div class=\"description\">\n\t\t<span class=\"pr-font dm-price\"><span class=\"currency\">CHF<\/span> 14.50<\/span>\t\t\t\t\n\t\t<h2><span class=\"title\">Petite escalope de veau pan\u00e9e<\/span><\/h2>\n\t\t<div class=\"dots\">\n\t\t\t\t\t\t\t\t\t\t\n\t\t\t<p>avec pommes frites<\/p>\n\t\t<\/div>\n\t\t\t<\/div>\n<\/li>\t\t\t\t\t\t\t\t\t\t\t\t\t\t\t<li class=\"menu-item post-214 dishes_menu type-dishes_menu status-publish hentry dishes_categories-le-coin-des-enfants\">\n\t\t<div class=\"description\">\n\t\t<span class=\"pr-font dm-price\"><span class=\"currency\">CHF<\/span> 5.50<\/span>\t\t\t\t\n\t\t<h2><span class=\"title\">Portion de pommes frites maison<\/span><\/h2>\n\t\t<div class=\"dots\">\n\t\t\t\t\t\t\t\t\t\t\n\t\t\t\t\t<\/div>\n\t\t\t<\/div>\n<\/li>\t\t\t\t\t\t\t\t\t\t\t\t\t\t\t<li class=\"menu-item post-187 dishes_menu type-dishes_menu status-publish hentry dishes_categories-le-coin-des-enfants\">\n\t\t<div class=\"description\">\n\t\t<span class=\"pr-font dm-price\"><span class=\"currency\">CHF<\/span> 14.50<\/span>\t\t\t\t\n\t\t<h2><span class=\"title\">Petite entrec\u00f4te de boeuf<\/span><\/h2>\n\t\t<div class=\"dots\">\n\t\t\t\t\t\t\t\t\t\t\n\t\t\t<p>Avec pommes frites<\/p>\n\t\t<\/div>\n\t\t\t<\/div>\n<\/li>\t\t\t\t\t\t\t\t\t\t\t\t\t<\/ul>\n\t\t\t\t\t\t\t\t\t<\/div>\n\t\t\t\t\n\t\t\t\t\t<\/div>\n\t\t\t\n\t\t<div id=\"dishes-menu\">\n\t\t\t\t\t\t\t\t\t\t\t<div class=\"section-title has-bg\" style='background-image: url(https:\/\/restaurant-populaire.ch\/b\/wp-content\/uploads\/2017\/09\/fondue.jpg)'>\n\t\t\t\t\t<div class=\"center\">\n\t\t\t\t\t\t<div class=\"table-cell\">\n\t\t\t\t\t\t\t<div class=\"info\">\n\t\t\t\t\t\t\t\t<h3 class=\"pr-font\">\n\t\t\t\t\t\t\t\t\tLa petite restauration\t\t\t\t\t\t\t\t<\/h3>\n\t\t\t\t\t\t\t\t<div class=\"description\">\n\t\t\t\t\t\t\t\t\t\t\t\t\t\t\t\t\t<\/div>\n\t\t\t\t\t\t\t<\/div>\n\t\t\t\t\t\t<\/div>\n\t\t\t\t\t<\/div>\t\n\t\t\t\t<\/div>\n\t\t\t\t\t\t\t\t<div class=\"center\">\n\t\t\t\t\t\t\t\t\t\t\t<ul class=\"dishes-menu margin-large large-imgs drop-style cols-2\">\n\t\t\t\t\t\t\t\t\t\t\t\t\t\t\t<li class=\"menu-item post-221 dishes_menu type-dishes_menu status-publish hentry dishes_categories-petite-restauration\">\n\t\t<div class=\"description\">\n\t\t<span class=\"pr-font dm-price\"><span class=\"currency\">CHF<\/span> 22.-<\/span>\t\t\t\t\n\t\t<h2><span class=\"title\">Assiette de riz aux champignons<\/span><\/h2>\n\t\t<div class=\"dots\">\n\t\t\t\t\t\t\t\t\t\t\n\t\t\t\t\t<\/div>\n\t\t\t<\/div>\n<\/li>\t\t\t\t\t\t\t\t\t\t\t\t\t\t\t<li class=\"menu-item post-220 dishes_menu type-dishes_menu status-publish hentry dishes_categories-petite-restauration\">\n\t\t<div class=\"description\">\n\t\t<span class=\"pr-font dm-price\"><span class=\"currency\">CHF<\/span> 25.-<\/span>\t\t\t\t\n\t\t<h2><span class=\"title\">Assiette de viande s\u00e9ch\u00e9<\/span><\/h2>\n\t\t<div class=\"dots\">\n\t\t\t\t\t\t\t\t\t\t\n\t\t\t<p>portion<\/p>\n\t\t<\/div>\n\t\t\t<\/div>\n<\/li>\t\t\t\t\t\t\t\t\t\t\t\t\t\t\t<li class=\"menu-item post-219 dishes_menu type-dishes_menu status-publish hentry dishes_categories-petite-restauration\">\n\t\t<div class=\"description\">\n\t\t<span class=\"pr-font dm-price\"><span class=\"currency\">CHF<\/span> 27.-<\/span>\t\t\t\t\n\t\t<h2><span class=\"title\">Croute aux champignons<\/span><\/h2>\n\t\t<div class=\"dots\">\n\t\t\t\t\t\t\t\t\t\t\n\t\t\t<p>portion<\/p>\n\t\t<\/div>\n\t\t\t<\/div>\n<\/li>\t\t\t\t\t\t\t\t\t\t\t\t\t\t\t<li class=\"menu-item post-218 dishes_menu type-dishes_menu status-publish hentry dishes_categories-petite-restauration\">\n\t\t<div class=\"description\">\n\t\t<span class=\"pr-font dm-price\"><span class=\"currency\">CHF<\/span> 18.-<\/span>\t\t\t\t\n\t\t<h2><span class=\"title\">Assiette de r\u00f6stis et deux oeufs au plat<\/span><\/h2>\n\t\t<div class=\"dots\">\n\t\t\t\t\t\t\t\t\t\t\n\t\t\t\t\t<\/div>\n\t\t\t<\/div>\n<\/li>\t\t\t\t\t\t\t\t\t\t\t\t\t\t\t<li class=\"menu-item post-190 dishes_menu type-dishes_menu status-publish hentry dishes_categories-petite-restauration\">\n\t\t<div class=\"description\">\n\t\t<span class=\"pr-font dm-price\"><span class=\"currency\">CHF<\/span> 22.50\u2013<span class=\"currency\">CHF<\/span> 26.-<\/span>\t\t\t\t\n\t\t<h2><span class=\"title\">Fondue de Corcelles-le-Jorat<\/span><\/h2>\n\t\t<div class=\"dots\">\n\t\t\t\t\t<ul class=\"multiple-prices\">\n\t\t\t\t\t\t\t<li>\n\t\t\t\t\t<span class=\"label\">200gr<\/span>\n\t\t\t\t\t-\n\t\t\t\t\t<span class=\"price\"><span class=\"currency\">CHF<\/span> 22.50<\/span>\n\t\t\t\t<\/li>\n\t\t\t\t\t\t\t<li>\n\t\t\t\t\t<span class=\"label\">300gr<\/span>\n\t\t\t\t\t-\n\t\t\t\t\t<span class=\"price\"><span class=\"currency\">CHF<\/span> 26.-<\/span>\n\t\t\t\t<\/li>\n\t\t\t\t\t<\/ul>\n\t\t\t\t\t\t\t\t\t\n\t\t\t<p>Fromagerie Bovet<\/p>\n\t\t<\/div>\n\t\t\t<\/div>\n<\/li>\t\t\t\t\t\t\t\t\t\t\t\t\t<\/ul>\n\t\t\t\t\t\t\t\t\t<\/div>\n\t\t\t\t\n\t\t\t\t\t<\/div>\n\t\t\t\n\t\t<div id=\"dishes-menu\">\n\t\t\t\t\t\t\t\t\t\t\t<div class=\"section-title has-bg\" style='background-image: url(https:\/\/restaurant-populaire.ch\/b\/wp-content\/uploads\/2017\/02\/header-bg.jpg)'>\n\t\t\t\t\t<div class=\"center\">\n\t\t\t\t\t\t<div class=\"table-cell\">\n\t\t\t\t\t\t\t<div class=\"info\">\n\t\t\t\t\t\t\t\t<h3 class=\"pr-font\">\n\t\t\t\t\t\t\t\t\tMenus\t\t\t\t\t\t\t\t<\/h3>\n\t\t\t\t\t\t\t\t<div class=\"description\">\n\t\t\t\t\t\t\t\t\t\t\t\t\t\t\t\t\t<\/div>\n\t\t\t\t\t\t\t<\/div>\n\t\t\t\t\t\t<\/div>\n\t\t\t\t\t<\/div>\t\n\t\t\t\t<\/div>\n\t\t\t\t\t\t\t\t<div class=\"center\">\n\t\t\t\t\t\t\t\t\t\t\t<ul class=\"dishes-menu margin-large large-imgs drop-style col-1\">\n\t\t\t\t\t\t\t\t\t\t\t\t\t\t\t<li class=\"menu-item post-66 dishes_menu type-dishes_menu status-publish hentry dishes_categories-1-menus\">\n\t\t<div class=\"description\">\n\t\t<span class=\"pr-font dm-price\"><span class=\"currency\">CHF<\/span> \u2013<span class=\"currency\">CHF<\/span> 68<\/span>\t\t\t\t\n\t\t<h2><span class=\"title\">Le Menu<\/span><\/h2>\n\t\t<div class=\"dots\">\n\t\t\t\t\t<ul class=\"multiple-prices\">\n\t\t\t\t\t\t\t<li>\n\t\t\t\t\t<span class=\"label\">Complet<\/span>\n\t\t\t\t\t-\n\t\t\t\t\t<span class=\"price\"><span class=\"currency\">CHF<\/span> 68<\/span>\n\t\t\t\t<\/li>\n\t\t\t\t\t\t\t<li>\n\t\t\t\t\t<span class=\"label\"><\/span>\n\t\t\t\t\t-\n\t\t\t\t\t<span class=\"price\"><span class=\"currency\">CHF<\/span> <\/span>\n\t\t\t\t<\/li>\n\t\t\t\t\t<\/ul>\n\t\t\t\t\t\t\t\t\t\n\t\t\t<p>Eminc\u00e9 de filet de perches du Leman sur son mesclun de salade du moment<\/p>\n<p>ou<\/p>\n<p>Crevettes saut\u00e9e sur sa mousseline de petits pois et espuma lait de coco et curry vert<\/p>\n<p>*****<\/p>\n<p>Araign\u00e9e de veau \u00e0 l&rsquo;\u00e9chalotes<\/p>\n<p>ou<\/p>\n<p>Filet de brochet du L\u00e9man, beurre blanc \u00e0 l&rsquo;ail des ours<\/p>\n<p>Frites et l\u00e9gumes du moment<\/p>\n<p>*****<br \/>\nTrilogie de dessert maison<br \/>\nou<br \/>\nSorbet \u00e0 choix arros\u00e9<\/p>\n<p>Pour que la cuisine puisse vous servir le mieux possible, ce menu est servi pour l\u2019ensemble de la table. Il est propos\u00e9 au choix jusqu\u2019\u00e0 15 pers. Merci de votre compr\u00e9hension<\/p>\n\t\t<\/div>\n\t\t\t<\/div>\n<\/li>\t\t\t\t\t\t\t\t\t\t\t\t\t<\/ul>\n\t\t\t\t\t\t\t\t\t<\/div>\n\t\t\t\t\n\t\t\t\t\t<\/div>\n\t<\/p>\n","protected":false},"excerpt":{"rendered":"","protected":false},"author":1,"featured_media":332,"parent":0,"menu_order":0,"comment_status":"closed","ping_status":"closed","template":"","meta":[],"_links":{"self":[{"href":"https:\/\/restaurant-populaire.ch\/b\/wp-json\/wp\/v2\/pages\/64"}],"collection":[{"href":"https:\/\/restaurant-populaire.ch\/b\/wp-json\/wp\/v2\/pages"}],"about":[{"href":"https:\/\/restaurant-populaire.ch\/b\/wp-json\/wp\/v2\/types\/page"}],"author":[{"embeddable":true,"href":"https:\/\/restaurant-populaire.ch\/b\/wp-json\/wp\/v2\/users\/1"}],"replies":[{"embeddable":true,"href":"https:\/\/restaurant-populaire.ch\/b\/wp-json\/wp\/v2\/comments?post=64"}],"version-history":[{"count":31,"href":"https:\/\/restaurant-populaire.ch\/b\/wp-json\/wp\/v2\/pages\/64\/revisions"}],"predecessor-version":[{"id":573,"href":"https:\/\/restaurant-populaire.ch\/b\/wp-json\/wp\/v2\/pages\/64\/revisions\/573"}],"wp:featuredmedia":[{"embeddable":true,"href":"https:\/\/restaurant-populaire.ch\/b\/wp-json\/wp\/v2\/media\/332"}],"wp:attachment":[{"href":"https:\/\/restaurant-populaire.ch\/b\/wp-json\/wp\/v2\/media?parent=64"}],"curies":[{"name":"wp","href":"https:\/\/api.w.org\/{rel}","templated":true}]}}