{"id":352,"date":"2018-05-01T21:47:40","date_gmt":"2018-05-01T19:47:40","guid":{"rendered":"http:\/\/restaurant-populaire.ch\/b\/?page_id=352"},"modified":"2018-05-12T08:57:07","modified_gmt":"2018-05-12T06:57:07","slug":"charte-de-qualite","status":"publish","type":"page","link":"https:\/\/restaurant-populaire.ch\/b\/charte-de-qualite\/","title":{"rendered":"Charte de qualit\u00e9"},"content":{"rendered":"<p style=\"text-align: center;\">Mesdames, Messieurs,<\/p>\n<p style=\"text-align: center;\">Merci de nous faire confiance en vous attablant au Popu. De notre formation \u00e0 notre moralit\u00e9, tout nous incite \u00e0 vous proposer des plats r\u00e9alis\u00e9s avec des produits frais, de bonnes qualit\u00e9 et des meilleures provenances, en favorisant les artisans et r\u00e9coltants locaux.<\/p>\n<p style=\"text-align: center;\">Toute notre carte est cuisin\u00e9e \u00e0 la commande, \u00e0 la minutes\u2026. Cette philosophie est notre fa\u00e7on de travailler depuis 1936, \u00ab\u00a0\u00e0 l\u2019ancienne\u00a0\u00bb, nous avons choisi ce m\u00e9tier et avons \u00e9t\u00e9 form\u00e9s pour partager le plaisir de la bonne cuisine, du bien manger et du bien boire en refusant le pr\u00e9-cuisiner.<\/p>\n<p style=\"text-align: center;\">Pour vous faire appr\u00e9cier ce savoir faire dans les meilleures conditions, nous ne pouvons vous promettre l\u2019impossible, manger vite, bon, frais et pas cher\u2026..<\/p>\n<p style=\"text-align: center;\">Merci de votre compr\u00e9hension et de partager avec nous les valeurs fondamentales que sont le respect et la confiance entre le restaurateur et son client, cela dans l\u2019inutilit\u00e9 des labels.<\/p>\n<p style=\"text-align: center;\">La famille Belet,<span class=\"Apple-converted-space\">\u00a0<\/span><\/p>\n","protected":false},"excerpt":{"rendered":"<p>Mesdames, Messieurs, Merci de nous faire confiance en vous attablant au Popu. De notre formation \u00e0 notre moralit\u00e9, tout nous incite \u00e0 vous proposer des plats r\u00e9alis\u00e9s avec des produits&#8230;<\/p>\n","protected":false},"author":1,"featured_media":0,"parent":0,"menu_order":0,"comment_status":"closed","ping_status":"closed","template":"","meta":[],"_links":{"self":[{"href":"https:\/\/restaurant-populaire.ch\/b\/wp-json\/wp\/v2\/pages\/352"}],"collection":[{"href":"https:\/\/restaurant-populaire.ch\/b\/wp-json\/wp\/v2\/pages"}],"about":[{"href":"https:\/\/restaurant-populaire.ch\/b\/wp-json\/wp\/v2\/types\/page"}],"author":[{"embeddable":true,"href":"https:\/\/restaurant-populaire.ch\/b\/wp-json\/wp\/v2\/users\/1"}],"replies":[{"embeddable":true,"href":"https:\/\/restaurant-populaire.ch\/b\/wp-json\/wp\/v2\/comments?post=352"}],"version-history":[{"count":4,"href":"https:\/\/restaurant-populaire.ch\/b\/wp-json\/wp\/v2\/pages\/352\/revisions"}],"predecessor-version":[{"id":363,"href":"https:\/\/restaurant-populaire.ch\/b\/wp-json\/wp\/v2\/pages\/352\/revisions\/363"}],"wp:attachment":[{"href":"https:\/\/restaurant-populaire.ch\/b\/wp-json\/wp\/v2\/media?parent=352"}],"curies":[{"name":"wp","href":"https:\/\/api.w.org\/{rel}","templated":true}]}}