{"id":2,"date":"2017-02-04T21:54:50","date_gmt":"2017-02-04T20:54:50","guid":{"rendered":"http:\/\/restaurant-populaire.ch\/b\/?page_id=2"},"modified":"2017-09-13T08:42:09","modified_gmt":"2017-09-13T06:42:09","slug":"histoire","status":"publish","type":"page","link":"https:\/\/restaurant-populaire.ch\/b\/histoire\/","title":{"rendered":"Histoire"},"content":{"rendered":"<p><a href=\"https:\/\/restaurant-populaire.ch\/b\/photos\/popu_jour_gallery\/\" rel=\"attachment wp-att-40\">\u00a0<\/a><\/p>\n<h1 style=\"text-align: center;\">L\u2019historique du \u00ab\u00a0Popu\u00a0\u00bb<\/h1>\n<h2 style=\"text-align: center;\">Le restaurant en 1903<\/h2>\n<p style=\"text-align: center;\"><img loading=\"lazy\" class=\"alignnone wp-image-55 size-medium\" src=\"https:\/\/restaurant-populaire.ch\/b\/wp-content\/uploads\/2017\/02\/Popu1936-585x409.jpg\" width=\"585\" height=\"409\" \/><\/p>\n<h2 style=\"text-align: center;\">Le \u00ab\u00a0Popu\u00a0\u00bb est exploit\u00e9 par la m\u00eame famille depuis le premier avril 1936<\/h2>\n<p style=\"text-align: center;\">\u00a0<img loading=\"lazy\" class=\"alignnone size-full wp-image-278\" src=\"https:\/\/restaurant-populaire.ch\/b\/wp-content\/uploads\/2017\/02\/Popu-1930-300x206.jpg\" alt=\"\" width=\"300\" height=\"206\" \/><\/p>\n<h2 style=\"text-align: center;\">Trois g\u00e9n\u00e9rations se sont succ\u00e9d\u00e9es<\/h2>\n<p><img loading=\"lazy\" class=\"aligncenter wp-image-40 size-full\" src=\"https:\/\/restaurant-populaire.ch\/b\/wp-content\/uploads\/2017\/02\/popu_jour_gallery.jpg\" width=\"500\" height=\"332\" \/><\/p>\n<p style=\"text-align: center;\">Des transformations ont \u00e9t\u00e9 faites et le restaurant a pass\u00e9 d\u2019un caf\u00e9, \u00e0 un caf\u00e9, deux terrasses et deux salles \u00e0 manger.<\/p>\n<p style=\"text-align: center;\">Aujourd&rsquo;hui la quatri\u00e8me g\u00e9n\u00e9ration oeuvre aux c\u00f4t\u00e9s de la troisi\u00e8me pour perdurer l&rsquo;esprit \u00ab\u00a0Popu\u00a0\u00bb.<\/p>\n<p><a href=\"http:\/\/restaurant-populaire.ch\/a\/wp-content\/uploads\/DSC_0063-e1294924249483.jpg\">\u00a0<\/a><\/p>\n","protected":false},"excerpt":{"rendered":"<p>\u00a0 L\u2019historique du \u00ab\u00a0Popu\u00a0\u00bb Le restaurant en 1903 Le \u00ab\u00a0Popu\u00a0\u00bb est exploit\u00e9 par la m\u00eame famille depuis le premier avril 1936 \u00a0 Trois g\u00e9n\u00e9rations se sont succ\u00e9d\u00e9es Des transformations ont&#8230;<\/p>\n","protected":false},"author":1,"featured_media":145,"parent":0,"menu_order":0,"comment_status":"closed","ping_status":"open","template":"","meta":[],"_links":{"self":[{"href":"https:\/\/restaurant-populaire.ch\/b\/wp-json\/wp\/v2\/pages\/2"}],"collection":[{"href":"https:\/\/restaurant-populaire.ch\/b\/wp-json\/wp\/v2\/pages"}],"about":[{"href":"https:\/\/restaurant-populaire.ch\/b\/wp-json\/wp\/v2\/types\/page"}],"author":[{"embeddable":true,"href":"https:\/\/restaurant-populaire.ch\/b\/wp-json\/wp\/v2\/users\/1"}],"replies":[{"embeddable":true,"href":"https:\/\/restaurant-populaire.ch\/b\/wp-json\/wp\/v2\/comments?post=2"}],"version-history":[{"count":7,"href":"https:\/\/restaurant-populaire.ch\/b\/wp-json\/wp\/v2\/pages\/2\/revisions"}],"predecessor-version":[{"id":279,"href":"https:\/\/restaurant-populaire.ch\/b\/wp-json\/wp\/v2\/pages\/2\/revisions\/279"}],"wp:featuredmedia":[{"embeddable":true,"href":"https:\/\/restaurant-populaire.ch\/b\/wp-json\/wp\/v2\/media\/145"}],"wp:attachment":[{"href":"https:\/\/restaurant-populaire.ch\/b\/wp-json\/wp\/v2\/media?parent=2"}],"curies":[{"name":"wp","href":"https:\/\/api.w.org\/{rel}","templated":true}]}}