{"id":1039,"date":"2024-09-30T22:25:18","date_gmt":"2024-09-30T20:25:18","guid":{"rendered":"https:\/\/restaurant-populaire.ch\/b\/?page_id=1039"},"modified":"2024-09-30T22:25:19","modified_gmt":"2024-09-30T20:25:19","slug":"vaud-ambassadeur-2","status":"publish","type":"page","link":"https:\/\/restaurant-populaire.ch\/b\/vaud-ambassadeur-2\/","title":{"rendered":"Vaud Ambassadeur"},"content":{"rendered":"<p>Nous sommes d\u00e9sormais fiers d&rsquo;\u00eatre certifi\u00e9 <a href=\"https:\/\/www.vaud.ch\/nos-ambassadeurs\/\" target=\"_blank\" rel=\"noopener\">Vaud Ambassadeur<\/a><\/p>\n\n\n<figure class=\"wp-block-video\"><video controls src=\"https:\/\/restaurant-populaire.ch\/b\/wp-content\/uploads\/2024\/09\/Vaud_Logo_ambassadeur-1.mp4\"><\/video><\/figure>\n","protected":false},"excerpt":{"rendered":"<p>Nous sommes d\u00e9sormais fiers d&rsquo;\u00eatre certifi\u00e9 Vaud Ambassadeur<\/p>\n","protected":false},"author":1,"featured_media":0,"parent":0,"menu_order":0,"comment_status":"closed","ping_status":"closed","template":"","meta":[],"_links":{"self":[{"href":"https:\/\/restaurant-populaire.ch\/b\/wp-json\/wp\/v2\/pages\/1039"}],"collection":[{"href":"https:\/\/restaurant-populaire.ch\/b\/wp-json\/wp\/v2\/pages"}],"about":[{"href":"https:\/\/restaurant-populaire.ch\/b\/wp-json\/wp\/v2\/types\/page"}],"author":[{"embeddable":true,"href":"https:\/\/restaurant-populaire.ch\/b\/wp-json\/wp\/v2\/users\/1"}],"replies":[{"embeddable":true,"href":"https:\/\/restaurant-populaire.ch\/b\/wp-json\/wp\/v2\/comments?post=1039"}],"version-history":[{"count":1,"href":"https:\/\/restaurant-populaire.ch\/b\/wp-json\/wp\/v2\/pages\/1039\/revisions"}],"predecessor-version":[{"id":1041,"href":"https:\/\/restaurant-populaire.ch\/b\/wp-json\/wp\/v2\/pages\/1039\/revisions\/1041"}],"wp:attachment":[{"href":"https:\/\/restaurant-populaire.ch\/b\/wp-json\/wp\/v2\/media?parent=1039"}],"curies":[{"name":"wp","href":"https:\/\/api.w.org\/{rel}","templated":true}]}}